{"id":258,"date":"2023-02-15T13:46:40","date_gmt":"2023-02-15T12:46:40","guid":{"rendered":"https:\/\/winter-bauconcept.de\/wp23\/?page_id=258"},"modified":"2024-04-29T09:56:38","modified_gmt":"2024-04-29T07:56:38","slug":"statik-bauphysik-2","status":"publish","type":"page","link":"https:\/\/winter-bauconcept.de\/wp23\/statik-bauphysik-2\/","title":{"rendered":"Statik und Bauphysik"},"content":{"rendered":"\n<style type=\"text\/css\" data-created_by=\"avia_inline_auto\" id=\"style-css-av-bl6pu-37d48682a8d40e8de38eabe75f41bd2d\">\n.avia-section.av-bl6pu-37d48682a8d40e8de38eabe75f41bd2d .av-section-color-overlay{\nopacity:0.2;\nbackground-color:#ffffff;\n}\n<\/style>\n<div id='av_section_1'  class='avia-section av-bl6pu-37d48682a8d40e8de38eabe75f41bd2d main_color avia-section-default avia-no-border-styling  avia-builder-el-0  avia-builder-el-no-sibling  avia-bg-style-scroll av-section-color-overlay-active container_wrap fullsize'  ><div class=\"av-section-color-overlay-wrap\"><div class=\"av-section-color-overlay\"><\/div><div class='container av-section-cont-open' ><main  role=\"main\" itemprop=\"mainContentOfPage\"  class='template-page content  av-content-full alpha units'><div class='post-entry post-entry-type-page post-entry-258'><div class='entry-content-wrapper clearfix'>\n\n<style type=\"text\/css\" data-created_by=\"avia_inline_auto\" id=\"style-css-av-le5o3cb5-37e1afbf8807373f0c45054a866d9ebf\">\n#top .av-special-heading.av-le5o3cb5-37e1afbf8807373f0c45054a866d9ebf{\npadding-bottom:10px;\n}\nbody .av-special-heading.av-le5o3cb5-37e1afbf8807373f0c45054a866d9ebf .av-special-heading-tag .heading-char{\nfont-size:25px;\n}\n.av-special-heading.av-le5o3cb5-37e1afbf8807373f0c45054a866d9ebf .av-subheading{\nfont-size:15px;\n}\n<\/style>\n<div  class='av-special-heading av-le5o3cb5-37e1afbf8807373f0c45054a866d9ebf av-special-heading-h3  avia-builder-el-1  el_before_av_textblock  avia-builder-el-first '><h3 class='av-special-heading-tag '  itemprop=\"headline\"  >Statik und Bauphysik<\/h3><div class=\"special-heading-border\"><div class=\"special-heading-inner-border\"><\/div><\/div><\/div>\n<section  class='av_textblock_section av-le75fikt-e68b6d432d9adcfbf9e73bc07ac450ae '   itemscope=\"itemscope\" itemtype=\"https:\/\/schema.org\/CreativeWork\" ><div class='avia_textblock'  itemprop=\"text\" ><p>Statik | Konstruktionen | Schalplanung | Bewehrungsplanung | W\u00e4rmeschutz<\/p>\n<\/div><\/section>\n\n<style type=\"text\/css\" data-created_by=\"avia_inline_auto\" id=\"style-css-av-le5wd9xr-6c197ca945df748cb768713b602c0633\">\n#top .hr.hr-invisible.av-le5wd9xr-6c197ca945df748cb768713b602c0633{\nheight:50px;\n}\n<\/style>\n<div  class='hr av-le5wd9xr-6c197ca945df748cb768713b602c0633 hr-invisible  avia-builder-el-3  el_after_av_textblock  el_before_av_one_fifth '><span class='hr-inner '><span class=\"hr-inner-style\"><\/span><\/span><\/div>\n<div  class='flex_column av-6dd6-cd28eb9b57379be7046a6faf1f6bbe75 av_one_fifth  avia-builder-el-4  el_after_av_hr  el_before_av_one_half  first flex_column_div  '     ><\/div><div  class='flex_column av-aj3kq-0bf315733622858c82171b7549945f23 av_one_half  avia-builder-el-5  el_after_av_one_fifth  el_before_av_one_fourth  flex_column_div  '     ><section  class='av_textblock_section av-le5wbizz-bc182c8ccafca37b4c69e3ab8992f537 '   itemscope=\"itemscope\" itemtype=\"https:\/\/schema.org\/CreativeWork\" ><div class='avia_textblock'  itemprop=\"text\" ><p>STATIK UND KONSTRUKTIVE PLANUNG:<\/p>\n<p>\u2192 Statische Berechnung<br \/>\n\u2192 Konstruktionsplanung<\/p>\n<p>Durch die Verkn\u00fcpfung von Architektur und Tragwerksplanung ergeben sich Vorteile hinsichtlich einer wirtschaftlichen Gesamtabwicklung.<\/p>\n<p>Wir bieten Ihnen die statische Berechnung f\u00fcr Ihr Bauvorhaben unabh\u00e4ngig von der Gr\u00f6\u00dfe und vom Umfang der gew\u00fcnschten Leistung.\u00a0Von einem kleinen Nachweis f\u00fcr eine Mauerwerks\u00f6ffnung bis zum Komplettangebot f\u00fcr einen Neubau &#8211; wir sind f\u00fcr alle da.<\/p>\n<p>Die beste L\u00f6sung der statischen Aufgabe ist immer das wirtschaftlichste Ergebnis unter Ber\u00fccksichtigung der gestalterischen Vorgaben. Jedes Bauvorhaben ist individuell, genau wie die vielf\u00e4ltigen Anspr\u00fcche unserer Bauherren.<\/p>\n<\/div><\/section><\/div><div  class='flex_column av-7wcb6-26566450151eeef192e7f3aedab4334c av_one_fourth  avia-builder-el-7  el_after_av_one_half  el_before_av_hr  flex_column_div  '     ><\/div><div  class='hr av-le5wirky-e47ffe4b36dd89875878668c477a5c34 hr-default  avia-builder-el-8  el_after_av_one_fourth  el_before_av_one_fifth '><span class='hr-inner '><span class=\"hr-inner-style\"><\/span><\/span><\/div>\n<div  class='flex_column av-121et6-68f1cd4d85b44c4249509336a12fb964 av_one_fifth  avia-builder-el-9  el_after_av_hr  el_before_av_one_half  first flex_column_div  '     ><\/div><div  class='flex_column av-xjyb6-64c8eae2c30b8020856a21ad8c2be424 av_one_half  avia-builder-el-10  el_after_av_one_fifth  el_before_av_one_fourth  flex_column_div  '     ><section  class='av_textblock_section av-le5wi8fl-dfdc09006cad1926fdf9a9f97b48c463 '   itemscope=\"itemscope\" itemtype=\"https:\/\/schema.org\/CreativeWork\" ><div class='avia_textblock'  itemprop=\"text\" ><p>BAUPHYSIKALISCHE NACHWEISE:<\/p>\n<p>\u2192 W\u00e4rmeschutznachweis nach GEG<br \/>\n\u2192 Energieausweise<\/p>\n<\/div><\/section><\/div><div  class='flex_column av-mk1zu-db8df345a152f462243b0a347428347b av_one_fourth  avia-builder-el-12  el_after_av_one_half  avia-builder-el-last  flex_column_div  '     ><\/div>\n","protected":false},"excerpt":{"rendered":"","protected":false},"author":1,"featured_media":0,"parent":0,"menu_order":0,"comment_status":"closed","ping_status":"closed","template":"","meta":{"_monsterinsights_skip_tracking":false,"_monsterinsights_sitenote_active":false,"_monsterinsights_sitenote_note":"","_monsterinsights_sitenote_category":0,"footnotes":""},"class_list":["post-258","page","type-page","status-publish","hentry"],"aioseo_notices":[],"_links":{"self":[{"href":"https:\/\/winter-bauconcept.de\/wp23\/wp-json\/wp\/v2\/pages\/258","targetHints":{"allow":["GET"]}}],"collection":[{"href":"https:\/\/winter-bauconcept.de\/wp23\/wp-json\/wp\/v2\/pages"}],"about":[{"href":"https:\/\/winter-bauconcept.de\/wp23\/wp-json\/wp\/v2\/types\/page"}],"author":[{"embeddable":true,"href":"https:\/\/winter-bauconcept.de\/wp23\/wp-json\/wp\/v2\/users\/1"}],"replies":[{"embeddable":true,"href":"https:\/\/winter-bauconcept.de\/wp23\/wp-json\/wp\/v2\/comments?post=258"}],"version-history":[{"count":27,"href":"https:\/\/winter-bauconcept.de\/wp23\/wp-json\/wp\/v2\/pages\/258\/revisions"}],"predecessor-version":[{"id":622,"href":"https:\/\/winter-bauconcept.de\/wp23\/wp-json\/wp\/v2\/pages\/258\/revisions\/622"}],"wp:attachment":[{"href":"https:\/\/winter-bauconcept.de\/wp23\/wp-json\/wp\/v2\/media?parent=258"}],"curies":[{"name":"wp","href":"https:\/\/api.w.org\/{rel}","templated":true}]}}